{"id":1476,"date":"2022-01-30T17:56:04","date_gmt":"2022-01-30T17:56:04","guid":{"rendered":"https:\/\/www.rodilux.md\/?post_type=product&#038;p=1476"},"modified":"2022-01-30T17:58:57","modified_gmt":"2022-01-30T17:58:57","slug":"salving-balm-balsam-de-restabilire","status":"publish","type":"product","link":"https:\/\/www.rodilux.md\/?product=salving-balm-balsam-de-restabilire","title":{"rendered":"SALVING BALM\/BALSAM DE RESTABILIRE"},"content":{"rendered":"<p><strong>30 ml<\/strong><\/p>\n<p>Balsam protector pentru piele, care ac\u021bioneaz\u0103 ca o barier\u0103 umed\u0103, hidratant\u0103 \u0219i calmant\u0103, pentru a intensifica procesul de regenerare a pielii. Este indicat \u00eendeosebi \u00een procedurile de post-peeling, tatuaje, dup\u0103 arsuri, dup\u0103 tratamentul cu azot lichid, precum \u0219i \u00een tratamentul pentru cicatrici cheloide sau post-traumatisme.<\/p>\n<p>Este must have pe masa de lucru a dermato \u2013 cosmetologului. Regenereaz\u0103 perfect epiderma dup\u0103 procedurile de m\u0103rire a buzelor. Reabiliteaz\u0103 pielea \u00een cazul dermatitelor atopice \u00een faz\u0103 activ\u0103. De asemenea, Salving Balm este recomandat \u00eendeosebi \u00een cazul alergiilor care apar \u00een perioada rece, precum \u0219i pacien\u021bilor care sufer\u0103 de psoriazis. Previne usc\u0103ciunea pielii, \u00een special \u00een zona contururilor ochilor \u0219i este foarte eficient \u00een cazul buzelor uscate \u0219i cr\u0103pate.<\/p>\n<p><strong>Substan\u021be active:<\/strong><\/p>\n<p>Aloe vera, vitaminele A, E, C, extract de mimoz\u0103, silicon.<\/p>\n","protected":false},"excerpt":{"rendered":"<a href=\"https:\/\/www.rodilux.md\/?p=197\" data-animation=\"animated fadeIn normal\" class=\"sc_button sc_button_square sc_button_style_default sc_button_size_small  sc_button_iconed icon-star\">PRODUSE DE \u00ceNGRIJIRE PROFESIONAL\u0102 <\/a>\n","protected":false},"featured_media":1477,"template":"","meta":[],"product_cat":[34,33],"product_tag":[166,145,40,38,165,39],"class_list":{"0":"post-1476","1":"product","2":"type-product","3":"status-publish","4":"has-post-thumbnail","6":"product_cat-even","7":"product_cat-face-teraphy","8":"product_tag-balsam-de-restabilire","9":"product_tag-even","10":"product_tag-natural","11":"product_tag-organic","12":"product_tag-salving-balm","13":"product_tag-skincare","14":"product_shipping_class-america","16":"first","17":"outofstock","18":"shipping-taxable","19":"product-type-simple"},"_links":{"self":[{"href":"https:\/\/www.rodilux.md\/index.php?rest_route=\/wp\/v2\/product\/1476","targetHints":{"allow":["GET"]}}],"collection":[{"href":"https:\/\/www.rodilux.md\/index.php?rest_route=\/wp\/v2\/product"}],"about":[{"href":"https:\/\/www.rodilux.md\/index.php?rest_route=\/wp\/v2\/types\/product"}],"wp:featuredmedia":[{"embeddable":true,"href":"https:\/\/www.rodilux.md\/index.php?rest_route=\/wp\/v2\/media\/1477"}],"wp:attachment":[{"href":"https:\/\/www.rodilux.md\/index.php?rest_route=%2Fwp%2Fv2%2Fmedia&parent=1476"}],"wp:term":[{"taxonomy":"product_cat","embeddable":true,"href":"https:\/\/www.rodilux.md\/index.php?rest_route=%2Fwp%2Fv2%2Fproduct_cat&post=1476"},{"taxonomy":"product_tag","embeddable":true,"href":"https:\/\/www.rodilux.md\/index.php?rest_route=%2Fwp%2Fv2%2Fproduct_tag&post=1476"}],"curies":[{"name":"wp","href":"https:\/\/api.w.org\/{rel}","templated":true}]}}