{"id":1475,"date":"2022-01-30T17:54:33","date_gmt":"2022-01-30T17:54:33","guid":{"rendered":"https:\/\/www.rodilux.md\/?post_type=product&#038;p=1475"},"modified":"2022-01-30T17:55:44","modified_gmt":"2022-01-30T17:55:44","slug":"whitening-effect-ampoules-fiole-pentru-depigmentare-2","status":"publish","type":"product","link":"https:\/\/www.rodilux.md\/?product=whitening-effect-ampoules-fiole-pentru-depigmentare-2","title":{"rendered":"WHITENING EFFECT AMPOULES\/FIOLE PENTRU DEPIGMENTARE"},"content":{"rendered":"<p><strong>10\u00d72 ml<\/strong><\/p>\n<p>Fiole care con\u021bin o concentra\u021bie \u00eenalt\u0103 de\u00a0 arbutin\u0103, lemn dulce \u0219i vitamina C. Au fost concepute pentru a inhiba ac\u021biunea tirozinazei \u0219i a pentru a reduce produc\u021bia de melanin\u0103. Eficiente \u00een melasme. Pot fi aplicate chiar \u0219i \u00een timpul sarcinii, precum \u0219i \u00een cazul pigmenta\u021biilor dup\u0103 bronz.<\/p>\n<p><strong>Substan\u021be active:<\/strong><\/p>\n<p>Arbutin\u0103, vitamina C (stabilizat\u0103 cu glucoz\u0103), extract de licorice.<\/p>\n","protected":false},"excerpt":{"rendered":"<a href=\"https:\/\/www.rodilux.md\/?p=197\" data-animation=\"animated fadeIn normal\" class=\"sc_button sc_button_square sc_button_style_default sc_button_size_small  sc_button_iconed icon-star\">PRODUSE DE \u00ceNGRIJIRE PROFESIONAL\u0102 <\/a>\n","protected":false},"featured_media":1471,"template":"","meta":[],"product_cat":[34,33],"product_tag":[147,145,40,38,39,162],"class_list":{"0":"post-1475","1":"product","2":"type-product","3":"status-publish","4":"has-post-thumbnail","6":"product_cat-even","7":"product_cat-face-teraphy","8":"product_tag-depigmentare","9":"product_tag-even","10":"product_tag-natural","11":"product_tag-organic","12":"product_tag-skincare","13":"product_tag-whitening-effect","14":"product_shipping_class-america","16":"first","17":"outofstock","18":"shipping-taxable","19":"product-type-simple"},"_links":{"self":[{"href":"https:\/\/www.rodilux.md\/index.php?rest_route=\/wp\/v2\/product\/1475","targetHints":{"allow":["GET"]}}],"collection":[{"href":"https:\/\/www.rodilux.md\/index.php?rest_route=\/wp\/v2\/product"}],"about":[{"href":"https:\/\/www.rodilux.md\/index.php?rest_route=\/wp\/v2\/types\/product"}],"wp:featuredmedia":[{"embeddable":true,"href":"https:\/\/www.rodilux.md\/index.php?rest_route=\/wp\/v2\/media\/1471"}],"wp:attachment":[{"href":"https:\/\/www.rodilux.md\/index.php?rest_route=%2Fwp%2Fv2%2Fmedia&parent=1475"}],"wp:term":[{"taxonomy":"product_cat","embeddable":true,"href":"https:\/\/www.rodilux.md\/index.php?rest_route=%2Fwp%2Fv2%2Fproduct_cat&post=1475"},{"taxonomy":"product_tag","embeddable":true,"href":"https:\/\/www.rodilux.md\/index.php?rest_route=%2Fwp%2Fv2%2Fproduct_tag&post=1475"}],"curies":[{"name":"wp","href":"https:\/\/api.w.org\/{rel}","templated":true}]}}