{"id":1470,"date":"2022-01-30T17:48:36","date_gmt":"2022-01-30T17:48:36","guid":{"rendered":"https:\/\/www.rodilux.md\/?post_type=product&#038;p=1470"},"modified":"2022-01-30T17:54:15","modified_gmt":"2022-01-30T17:54:15","slug":"whitening-effect-ampoules-fiole-pentru-depigmentare","status":"publish","type":"product","link":"https:\/\/www.rodilux.md\/?product=whitening-effect-ampoules-fiole-pentru-depigmentare","title":{"rendered":"ASIATIC MASK\/MASC\u0102 REGENERATIV\u0102"},"content":{"rendered":"<p><strong>3\u00d718 ml<\/strong><\/p>\n<p>Masc\u0103 cu ac\u021biune dubl\u0103: regenerare \u0219i albire. Substan\u021ba activ\u0103 de baz\u0103, de nou\u0103 genera\u021bie \u2013 Cromabright\u00ae, \u0219i acidul kojic din compozi\u021bie regleaz\u0103 produc\u021bia de melanin\u0103 \u0219i ajut\u0103 la eliminarea celei existente. Celelalte substan\u021be active contribuie la regenerarea \u0219i hidratarea pielii, dup\u0103 aplicarea acizilor cu o concentra\u021bie \u00eenalt\u0103. Este o masc\u0103 cu efect imediat \u0219i pronun\u021bat de lifting.<\/p>\n<p><strong>Substan\u021be active:<\/strong><\/p>\n<p>Cromabright\u00ae, arbutin\u0103,\u00a0 vitamina C (stabilizat\u0103 cu glucoz\u0103), extras de licorice, lemn dulce, alfa arbutin\u0103, acid coic, acid hialuronic (HY), retinol, panthenol.<\/p>\n","protected":false},"excerpt":{"rendered":"<a href=\"https:\/\/www.rodilux.md\/?p=197\" data-animation=\"animated fadeIn normal\" class=\"sc_button sc_button_square sc_button_style_default sc_button_size_small  sc_button_iconed icon-star\">PRODUSE DE \u00ceNGRIJIRE PROFESIONAL\u0102 <\/a>\n","protected":false},"featured_media":1474,"template":"","meta":[],"product_cat":[34,33],"product_tag":[163,145,164,40,38,39],"class_list":{"0":"post-1470","1":"product","2":"type-product","3":"status-publish","4":"has-post-thumbnail","6":"product_cat-even","7":"product_cat-face-teraphy","8":"product_tag-asiatic-mask","9":"product_tag-even","10":"product_tag-masca-regenerativa","11":"product_tag-natural","12":"product_tag-organic","13":"product_tag-skincare","14":"product_shipping_class-america","16":"first","17":"outofstock","18":"shipping-taxable","19":"product-type-simple"},"_links":{"self":[{"href":"https:\/\/www.rodilux.md\/index.php?rest_route=\/wp\/v2\/product\/1470","targetHints":{"allow":["GET"]}}],"collection":[{"href":"https:\/\/www.rodilux.md\/index.php?rest_route=\/wp\/v2\/product"}],"about":[{"href":"https:\/\/www.rodilux.md\/index.php?rest_route=\/wp\/v2\/types\/product"}],"wp:featuredmedia":[{"embeddable":true,"href":"https:\/\/www.rodilux.md\/index.php?rest_route=\/wp\/v2\/media\/1474"}],"wp:attachment":[{"href":"https:\/\/www.rodilux.md\/index.php?rest_route=%2Fwp%2Fv2%2Fmedia&parent=1470"}],"wp:term":[{"taxonomy":"product_cat","embeddable":true,"href":"https:\/\/www.rodilux.md\/index.php?rest_route=%2Fwp%2Fv2%2Fproduct_cat&post=1470"},{"taxonomy":"product_tag","embeddable":true,"href":"https:\/\/www.rodilux.md\/index.php?rest_route=%2Fwp%2Fv2%2Fproduct_tag&post=1470"}],"curies":[{"name":"wp","href":"https:\/\/api.w.org\/{rel}","templated":true}]}}