{"id":1468,"date":"2022-01-30T17:44:46","date_gmt":"2022-01-30T17:44:46","guid":{"rendered":"https:\/\/www.rodilux.md\/?post_type=product&#038;p=1468"},"modified":"2022-05-10T08:22:57","modified_gmt":"2022-05-10T08:22:57","slug":"neutralizer-serum-neutralizator","status":"publish","type":"product","link":"https:\/\/www.rodilux.md\/?product=neutralizer-serum-neutralizator","title":{"rendered":"NEUTRALIZER SERUM\/NEUTRALIZATOR"},"content":{"rendered":"<p><strong>125 ml<\/strong><\/p>\n<p>Este un produs profesional conceput pentru a neutraliza acizii \u0219i pentru a stopa, momentan \u0219i eficient, ac\u021biunea acestora, cu scopul de a echilibra pH-ul pielii. Dup\u0103 aplicarea Neutralizer Serum, pielea r\u0103m\u00e2ne fin\u0103, hidratat\u0103, elastic\u0103 \u0219i umectat\u0103.<\/p>\n<p><strong>Substan\u021be active:<\/strong><\/p>\n<p>S\u0103ruri minerale, panthenol.<\/p>\n","protected":false},"excerpt":{"rendered":"<a href=\"https:\/\/www.rodilux.md\/?p=197\" data-animation=\"animated fadeIn normal\" class=\"sc_button sc_button_square sc_button_style_default sc_button_size_small  sc_button_iconed icon-star\">PRODUSE DE \u00ceNGRIJIRE PROFESIONAL\u0102 <\/a>\n","protected":false},"featured_media":1469,"template":"","meta":[],"product_cat":[34,33],"product_tag":[287,138,286,145,40,111,161,38,39],"class_list":{"0":"post-1468","1":"product","2":"type-product","3":"status-publish","4":"has-post-thumbnail","6":"product_cat-even","7":"product_cat-face-teraphy","8":"product_tag-decongestionare","9":"product_tag-detox","10":"product_tag-detoxifiere","11":"product_tag-even","12":"product_tag-natural","13":"product_tag-neutralizator","14":"product_tag-neutralizer-serum","15":"product_tag-organic","16":"product_tag-skincare","17":"product_shipping_class-america","19":"first","20":"outofstock","21":"shipping-taxable","22":"product-type-simple"},"_links":{"self":[{"href":"https:\/\/www.rodilux.md\/index.php?rest_route=\/wp\/v2\/product\/1468","targetHints":{"allow":["GET"]}}],"collection":[{"href":"https:\/\/www.rodilux.md\/index.php?rest_route=\/wp\/v2\/product"}],"about":[{"href":"https:\/\/www.rodilux.md\/index.php?rest_route=\/wp\/v2\/types\/product"}],"wp:featuredmedia":[{"embeddable":true,"href":"https:\/\/www.rodilux.md\/index.php?rest_route=\/wp\/v2\/media\/1469"}],"wp:attachment":[{"href":"https:\/\/www.rodilux.md\/index.php?rest_route=%2Fwp%2Fv2%2Fmedia&parent=1468"}],"wp:term":[{"taxonomy":"product_cat","embeddable":true,"href":"https:\/\/www.rodilux.md\/index.php?rest_route=%2Fwp%2Fv2%2Fproduct_cat&post=1468"},{"taxonomy":"product_tag","embeddable":true,"href":"https:\/\/www.rodilux.md\/index.php?rest_route=%2Fwp%2Fv2%2Fproduct_tag&post=1468"}],"curies":[{"name":"wp","href":"https:\/\/api.w.org\/{rel}","templated":true}]}}