{"id":1466,"date":"2022-01-30T17:39:42","date_gmt":"2022-01-30T17:39:42","guid":{"rendered":"https:\/\/www.rodilux.md\/?post_type=product&#038;p=1466"},"modified":"2022-05-10T08:22:41","modified_gmt":"2022-05-10T08:22:41","slug":"reneu-acid-peeling-peeling-multi-acid","status":"publish","type":"product","link":"https:\/\/www.rodilux.md\/?product=reneu-acid-peeling-peeling-multi-acid","title":{"rendered":"RENEU ACID PEELING\/PEELING MULTI-ACID"},"content":{"rendered":"<p><strong>50 ml<\/strong><\/p>\n<p>Un cocktail de o nou\u0103 genera\u021bie de acizi, cu ac\u021biune \u00een lupta cu foto\u00eemb\u0103tr\u00e2nirea, pigmenta\u021biile, cicatricile \u0219i ridurile. Este un produs destinat exclusiv profesioni\u0219tilor din domeniul esteticii faciale. Este foarte eficient \u00een exfolierea u\u0219oar\u0103 sau profund\u0103 a pielii.<\/p>\n<p><strong>Substan\u021be active:<\/strong><\/p>\n<p>Acid kojic 7%, acid salicilic 2%, acid lactic 9%, acid glicolic 40%, acid citric 5%.<\/p>\n","protected":false},"excerpt":{"rendered":"<a href=\"https:\/\/www.rodilux.md\/?p=197\" data-animation=\"animated fadeIn normal\" class=\"sc_button sc_button_square sc_button_style_default sc_button_size_small  sc_button_iconed icon-star\">PRODUSE DE \u00ceNGRIJIRE PROFESIONAL\u0102 <\/a>\n","protected":false},"featured_media":1467,"template":"","meta":[],"product_cat":[34,33],"product_tag":[287,138,286,145,40,38,159,160,39],"class_list":{"0":"post-1466","1":"product","2":"type-product","3":"status-publish","4":"has-post-thumbnail","6":"product_cat-even","7":"product_cat-face-teraphy","8":"product_tag-decongestionare","9":"product_tag-detox","10":"product_tag-detoxifiere","11":"product_tag-even","12":"product_tag-natural","13":"product_tag-organic","14":"product_tag-peeling-multi-acid","15":"product_tag-reneu-acid","16":"product_tag-skincare","17":"product_shipping_class-america","19":"first","20":"outofstock","21":"shipping-taxable","22":"product-type-simple"},"_links":{"self":[{"href":"https:\/\/www.rodilux.md\/index.php?rest_route=\/wp\/v2\/product\/1466","targetHints":{"allow":["GET"]}}],"collection":[{"href":"https:\/\/www.rodilux.md\/index.php?rest_route=\/wp\/v2\/product"}],"about":[{"href":"https:\/\/www.rodilux.md\/index.php?rest_route=\/wp\/v2\/types\/product"}],"wp:featuredmedia":[{"embeddable":true,"href":"https:\/\/www.rodilux.md\/index.php?rest_route=\/wp\/v2\/media\/1467"}],"wp:attachment":[{"href":"https:\/\/www.rodilux.md\/index.php?rest_route=%2Fwp%2Fv2%2Fmedia&parent=1466"}],"wp:term":[{"taxonomy":"product_cat","embeddable":true,"href":"https:\/\/www.rodilux.md\/index.php?rest_route=%2Fwp%2Fv2%2Fproduct_cat&post=1466"},{"taxonomy":"product_tag","embeddable":true,"href":"https:\/\/www.rodilux.md\/index.php?rest_route=%2Fwp%2Fv2%2Fproduct_tag&post=1466"}],"curies":[{"name":"wp","href":"https:\/\/api.w.org\/{rel}","templated":true}]}}