{"id":1456,"date":"2022-01-30T17:07:24","date_gmt":"2022-01-30T17:07:24","guid":{"rendered":"https:\/\/www.rodilux.md\/?post_type=product&#038;p=1456"},"modified":"2022-01-30T17:10:49","modified_gmt":"2022-01-30T17:10:49","slug":"ddt-whitening-cream-crema-de-zi-pentru-albire-spf-15","status":"publish","type":"product","link":"https:\/\/www.rodilux.md\/?product=ddt-whitening-cream-crema-de-zi-pentru-albire-spf-15","title":{"rendered":"DDT WHITENING CREAM\/CREM\u0102 DE ZI PENTRU ALBIRE SPF 15"},"content":{"rendered":"<p><strong>50 ml\/100 ml<\/strong><\/p>\n<p>Crem\u0103 foarte bogat\u0103 \u00een Cromabright\u00ae \u0219i al\u021bi activi cum ar fi extractul de lemn dulce, care previne \u0219i corecteaz\u0103 petele care apar din diferite motive (sarcin\u0103, expunere \u00eendelungat\u0103 la soare, v\u00e2rst\u0103 etc.). Blocheaz\u0103 producerea melaninei. Hidrateaz\u0103 intens, albe\u0219te, regenereaz\u0103 \u0219i \u00eentinere\u0219te pielea deshidratat\u0103, p\u0103ienjenit\u0103 de riduri. Poate fi aplicat\u0103 \u00een tratamentele acas\u0103, precum \u0219i \u00een centrele de medicin\u0103 estetic\u0103, dup\u0103 procedura de peeling. Factorul de protec\u021bie solar\u0103 este de 15 SPF.<\/p>\n<p><strong>Mod de aplicare:<\/strong><\/p>\n<p>Se aplic\u0103 diminea\u021ba, dup\u0103 serul pentru depigmentare \u2013 Spot Corrector Serum, din gama EVEN, de la FR~HAUT, sau separat.<\/p>\n<p><strong>Substan\u021be active:<\/strong><\/p>\n<p>Cromabright\u00ae, extract de margarete, lemn dulce, alfa arbutin\u0103, aloe vera, acid hialuronic (HY), tocoferol (Vitamina E), ulei de soia, acid citric.<\/p>\n","protected":false},"excerpt":{"rendered":"<a href=\"https:\/\/www.rodilux.md\/?p=197\" data-animation=\"animated fadeIn normal\" class=\"sc_button sc_button_square sc_button_style_default sc_button_size_small  sc_button_iconed icon-star\">PRODUSE DE \u00ceNGRIJIRE ACAS\u0102 <\/a>\n","protected":false},"featured_media":1457,"template":"","meta":[],"product_cat":[34,33],"product_tag":[125,148,145,40,38,39],"class_list":{"0":"post-1456","1":"product","2":"type-product","3":"status-publish","4":"has-post-thumbnail","6":"product_cat-even","7":"product_cat-face-teraphy","8":"product_tag-crema-de-zi","9":"product_tag-ddt-whitening","10":"product_tag-even","11":"product_tag-natural","12":"product_tag-organic","13":"product_tag-skincare","14":"product_shipping_class-america","16":"first","17":"outofstock","18":"shipping-taxable","19":"product-type-simple"},"_links":{"self":[{"href":"https:\/\/www.rodilux.md\/index.php?rest_route=\/wp\/v2\/product\/1456","targetHints":{"allow":["GET"]}}],"collection":[{"href":"https:\/\/www.rodilux.md\/index.php?rest_route=\/wp\/v2\/product"}],"about":[{"href":"https:\/\/www.rodilux.md\/index.php?rest_route=\/wp\/v2\/types\/product"}],"wp:featuredmedia":[{"embeddable":true,"href":"https:\/\/www.rodilux.md\/index.php?rest_route=\/wp\/v2\/media\/1457"}],"wp:attachment":[{"href":"https:\/\/www.rodilux.md\/index.php?rest_route=%2Fwp%2Fv2%2Fmedia&parent=1456"}],"wp:term":[{"taxonomy":"product_cat","embeddable":true,"href":"https:\/\/www.rodilux.md\/index.php?rest_route=%2Fwp%2Fv2%2Fproduct_cat&post=1456"},{"taxonomy":"product_tag","embeddable":true,"href":"https:\/\/www.rodilux.md\/index.php?rest_route=%2Fwp%2Fv2%2Fproduct_tag&post=1456"}],"curies":[{"name":"wp","href":"https:\/\/api.w.org\/{rel}","templated":true}]}}