{"id":1454,"date":"2022-01-30T16:58:39","date_gmt":"2022-01-30T16:58:39","guid":{"rendered":"https:\/\/www.rodilux.md\/?post_type=product&#038;p=1454"},"modified":"2022-01-30T17:07:02","modified_gmt":"2022-01-30T17:07:02","slug":"spot-corrector-serum-ser-pentru-depigmentare-pete","status":"publish","type":"product","link":"https:\/\/www.rodilux.md\/?product=spot-corrector-serum-ser-pentru-depigmentare-pete","title":{"rendered":"SPOT CORRECTOR SERUM\/SER PENTRU DEPIGMENTARE\/PETE"},"content":{"rendered":"<p><strong>50 ml\/100 ml<\/strong><\/p>\n<p>Ser pentru depigmentare, cu un con\u021binut ridicat de Cromabright\u00ae. Este un produs indispensabil \u00een tratamentul melasmei. Regleaz\u0103 metabolismul melanocitelor, care produc melanina, \u0219i inhib\u0103 enzimele tirozinazei. Are un efect puternic de depigmentare, anti-\u00eemb\u0103tr\u00e2nire \u0219i protejeaz\u0103. Ac\u021bioneaz\u0103 \u00een sinergie cu crema pentru depigmentare intensiv\u0103 Strong Bleaching Cream.<\/p>\n<p><strong>Mod de aplicare:<\/strong><\/p>\n<p>Se aplic\u0103 diminea\u021ba\/seara, \u00eenainte de orice crem\u0103 din gama EVEN sau, \u00een mod individual, ca ser.<\/p>\n<p><strong>Substan\u021be active:<\/strong><\/p>\n<p>Cromabright\u00ae, extract de margarete, lemn dulce, alfa arbutin\u0103, acid coic, l\u0103m\u00e2ie, panthenol, acid hialuronic (HY), retinol, vitamina A.<\/p>\n","protected":false},"excerpt":{"rendered":"<a href=\"https:\/\/www.rodilux.md\/?p=197\" data-animation=\"animated fadeIn normal\" class=\"sc_button sc_button_square sc_button_style_default sc_button_size_small  sc_button_iconed icon-star\">PRODUSE DE \u00ceNGRIJIRE ACAS\u0102 <\/a>\n","protected":false},"featured_media":1455,"template":"","meta":[],"product_cat":[34,33],"product_tag":[147,145,40,38,39,146],"class_list":{"0":"post-1454","1":"product","2":"type-product","3":"status-publish","4":"has-post-thumbnail","6":"product_cat-even","7":"product_cat-face-teraphy","8":"product_tag-depigmentare","9":"product_tag-even","10":"product_tag-natural","11":"product_tag-organic","12":"product_tag-skincare","13":"product_tag-spot-corrector","14":"product_shipping_class-america","16":"first","17":"outofstock","18":"shipping-taxable","19":"product-type-simple"},"_links":{"self":[{"href":"https:\/\/www.rodilux.md\/index.php?rest_route=\/wp\/v2\/product\/1454","targetHints":{"allow":["GET"]}}],"collection":[{"href":"https:\/\/www.rodilux.md\/index.php?rest_route=\/wp\/v2\/product"}],"about":[{"href":"https:\/\/www.rodilux.md\/index.php?rest_route=\/wp\/v2\/types\/product"}],"wp:featuredmedia":[{"embeddable":true,"href":"https:\/\/www.rodilux.md\/index.php?rest_route=\/wp\/v2\/media\/1455"}],"wp:attachment":[{"href":"https:\/\/www.rodilux.md\/index.php?rest_route=%2Fwp%2Fv2%2Fmedia&parent=1454"}],"wp:term":[{"taxonomy":"product_cat","embeddable":true,"href":"https:\/\/www.rodilux.md\/index.php?rest_route=%2Fwp%2Fv2%2Fproduct_cat&post=1454"},{"taxonomy":"product_tag","embeddable":true,"href":"https:\/\/www.rodilux.md\/index.php?rest_route=%2Fwp%2Fv2%2Fproduct_tag&post=1454"}],"curies":[{"name":"wp","href":"https:\/\/api.w.org\/{rel}","templated":true}]}}