{"id":1453,"date":"2022-01-30T16:57:32","date_gmt":"2022-01-30T16:57:32","guid":{"rendered":"https:\/\/www.rodilux.md\/?post_type=product&#038;p=1453"},"modified":"2022-01-30T19:19:13","modified_gmt":"2022-01-30T19:19:13","slug":"treatment-kits-hy-kit-de-tratament-hy","status":"publish","type":"product","link":"https:\/\/www.rodilux.md\/?product=treatment-kits-hy-kit-de-tratament-hy","title":{"rendered":"TREATMENT KITS HY+\/KIT DE TRATAMENT HY+"},"content":{"rendered":"\r\n<p>Kitul profesional de tratament cu doze unice al liniei HY+ este perfect pentru \u00eengrijirea, hidratarea mantiei hidrolipidice a pielii. Ac\u021bioneaz\u0103 asemenea procedurii de biorevitalizare cu acid hialuronic, are efect imediat de lifting, umple vizibil ridurile. \u00cen componen\u021ba sa intr\u0103 acidul hialuronic\u00a0 biotehnologic cu diametrul (0,25-0,45 MDalton) \u0219i (1,5-1,8 MDalton), combina\u021bia c\u0103rora permite s\u0103 umple derma hidrat\u00e2nd-o excep\u021bional. Stimuleaz\u0103 metabolismul celular, regenereaz\u0103 \u021besuturile datorit\u0103 prezen\u021bei a 20 de aminoacizi.<\/p>\r\n\r\n<p>&nbsp;<\/p>\r\n\r\n<h3 id=\"kit-ul-include\" class=\"has-text-align-center wp-block-heading\"><strong>KIT-ul include:<\/strong><\/h3>\r\n\r\n\r\n<hr class=\"wp-block-separator is-style-default\" \/>\r\n\r\n\r\n<div class=\"wp-block-columns is-layout-flex wp-container-core-columns-is-layout-9d6595d7 wp-block-columns-is-layout-flex\">\r\n<div class=\"wp-block-column is-layout-flow wp-block-column-is-layout-flow\">\r\n<h4 id=\"acid-cream-crema-peeling\" class=\"has-text-align-center wp-block-heading\"><strong>ACID CREAM\/CREM\u0102 PEELING<\/strong><\/h4>\r\n\r\n\r\n\r\n<p><strong>8 ml<\/strong><\/p>\r\n\r\n\r\n\r\n<p>Peeling cu structur\u0103 cremoas\u0103. \u00cen componen\u021ba acestei creme intr\u0103 alfa \u0219i beta hidroacizi. Catifeleaz\u0103, hidrateaz\u0103. Ajut\u0103 la p\u0103trunderea substan\u021belor active \u00een piele.<\/p>\r\n\r\n\r\n\r\n<p><strong>Substan\u021be active:<\/strong><\/p>\r\n\r\n\r\n\r\n<p>Cocktail de acizi (glicolic, lactic, malic, glucuronic, salicilic, coic, acid hialuronic (HY).<\/p>\r\n<\/div>\r\n\r\n\r\n\r\n<div class=\"wp-block-column is-layout-flow wp-block-column-is-layout-flow\">\r\n<h4 id=\"osmosis-masca-osmoza\" class=\"has-text-align-center wp-block-heading\"><strong>OSMOSIS\/ MASCA OSMOZ\u0102<\/strong><\/h4>\r\n\r\n\r\n\r\n<p><strong>30 g<\/strong><\/p>\r\n\r\n\r\n\r\n<p>Masc\u0103 ce con\u021bine alge, 100% de praf de perle, foarte bogat\u0103 \u00een 20 de tipuri de aminoacizi importan\u021bi pentru regenerarea \u021besuturilor \u0219i \u00eembun\u0103t\u0103\u021birea func\u021biei metabolismului. Este de culoarea turmericului.<\/p>\r\n\r\n\r\n\r\n<p>Algele fortific\u0103 accesiunea peeling-ului aplicat anticipat.<\/p>\r\n\r\n\r\n\r\n<p><strong>Substan\u021be active:<\/strong><\/p>\r\n\r\n\r\n\r\n<p>Alge, praf de perle.<\/p>\r\n<\/div>\r\n<\/div>\r\n\r\n\r\n\r\n<div class=\"wp-block-columns is-layout-flex wp-container-core-columns-is-layout-9d6595d7 wp-block-columns-is-layout-flex\">\r\n<div class=\"wp-block-column is-layout-flow wp-block-column-is-layout-flow\">\r\n<h4 id=\"concentrate-concentrat\" class=\"has-text-align-center wp-block-heading\"><strong>CONCENTRATE\/CONCENTRAT<\/strong><\/h4>\r\n\r\n\r\n\r\n<p><strong>6 ml<\/strong><\/p>\r\n\r\n\r\n\r\n<p>Ser. Hidrateaz\u0103 profund toate straturile pielii. Reduce ad\u00e2ncimea ridurilor, pielea devine neted\u0103, str\u0103lucitoare.<\/p>\r\n\r\n\r\n\r\n<p><strong>Substan\u021be active:<\/strong><\/p>\r\n\r\n\r\n\r\n<p>97% acid hialuronic de diametrul (0,25-0,45MDalton) \u0219i (1,5-1,8 MDalton), acid lactic 3%.<\/p>\r\n<\/div>\r\n\r\n\r\n\r\n<div class=\"wp-block-column is-layout-flow wp-block-column-is-layout-flow\">\r\n<h4 id=\"firming-mask-masca-lifting-1\" class=\"has-text-align-center wp-block-heading\"><strong>FIRMING MASK\/MASC\u0102 LIFTING<\/strong><\/h4>\r\n\r\n\r\n\r\n<p><strong>1 ml<\/strong><\/p>\r\n\r\n\r\n\r\n<p>Masc\u0103 monodoz\u0103 (\u00eembibat\u0103 \u00een celuloz\u0103), cu efect super hidratant, care ofer\u0103 pielii substan\u021bele hr\u0103nitoare de care are nevoie, pentru a fi proasp\u0103t\u0103, neted\u0103 \u0219i catifelat\u0103. Spore\u0219te flaciditatea pielii \u0219i \u00eei red\u0103 str\u0103lucire. Are efect de lifting.<\/p>\r\n\r\n\r\n\r\n<p><strong>Substan\u021be active:<\/strong><\/p>\r\n\r\n\r\n\r\n<p>Amino-acizi (taurin\u0103), peptide de m\u0103tase, acid hialuronic (HY), aloe vera, alantoin\u0103, pantenol, colagen, extract de mu\u0219e\u021bel.<\/p>\r\n<\/div>\r\n<\/div>\r\n\r\n\r\n\r\n<div class=\"wp-block-columns is-layout-flex wp-container-core-columns-is-layout-9d6595d7 wp-block-columns-is-layout-flex\">\r\n<div class=\"wp-block-column is-layout-flow wp-block-column-is-layout-flow\">\r\n<h4 id=\"silk-crema-cu-proteine-de-matase\" class=\"has-text-align-center wp-block-heading\"><strong>SILK\/CREM\u0102 CU PROTEINE DE M\u0102TASE<\/strong><\/h4>\r\n\r\n\r\n\r\n<p><strong>6 ml<\/strong><\/p>\r\n\r\n\r\n\r\n<p>Con\u021bine o concentra\u021bie \u00eenalt\u0103 de proteine de m\u0103tase \u0219i acid hialuronic \u00een cantit\u0103\u021bi mari \u0219i mici, care \u00eempiedic\u0103 pierderea de lichide, cre\u00e2nd o plas\u0103 invizibil\u0103 proteic\u0103. Trateaz\u0103 ridurile, red\u0103 flaciditatea \u0219i neteze\u0219te pielea.<\/p>\r\n\r\n\r\n\r\n<p><strong>Substan\u021be active:<\/strong><\/p>\r\n\r\n\r\n\r\n<p>Proteine de m\u0103tase (HY), acid hialuronic (HY) cu mas\u0103 molecular\u0103 mare \u0219i mic\u0103, pantenol, vitamina E, ulei de migdale dulci, acid lactic.<\/p>\r\n<\/div>\r\n<\/div>\r\n","protected":false},"excerpt":{"rendered":"<a href=\"https:\/\/www.rodilux.md\/?p=195\" data-animation=\"animated fadeIn normal\" class=\"sc_button sc_button_square sc_button_style_default sc_button_size_small  sc_button_iconed icon-star\">PRODUSE DE \u00ceNGRIJIRE PROFESIONAL\u0102 <\/a>\n","protected":false},"featured_media":1509,"template":"","meta":[],"product_cat":[74,33],"product_tag":[177,193,40,38,39,192],"class_list":{"0":"post-1453","1":"product","2":"type-product","3":"status-publish","4":"has-post-thumbnail","6":"product_cat-hy","7":"product_cat-face-teraphy","8":"product_tag-hy","9":"product_tag-kit-de-tratament","10":"product_tag-natural","11":"product_tag-organic","12":"product_tag-skincare","13":"product_tag-treatments-kits","14":"product_shipping_class-america","16":"first","17":"outofstock","18":"shipping-taxable","19":"product-type-simple"},"_links":{"self":[{"href":"https:\/\/www.rodilux.md\/index.php?rest_route=\/wp\/v2\/product\/1453","targetHints":{"allow":["GET"]}}],"collection":[{"href":"https:\/\/www.rodilux.md\/index.php?rest_route=\/wp\/v2\/product"}],"about":[{"href":"https:\/\/www.rodilux.md\/index.php?rest_route=\/wp\/v2\/types\/product"}],"wp:featuredmedia":[{"embeddable":true,"href":"https:\/\/www.rodilux.md\/index.php?rest_route=\/wp\/v2\/media\/1509"}],"wp:attachment":[{"href":"https:\/\/www.rodilux.md\/index.php?rest_route=%2Fwp%2Fv2%2Fmedia&parent=1453"}],"wp:term":[{"taxonomy":"product_cat","embeddable":true,"href":"https:\/\/www.rodilux.md\/index.php?rest_route=%2Fwp%2Fv2%2Fproduct_cat&post=1453"},{"taxonomy":"product_tag","embeddable":true,"href":"https:\/\/www.rodilux.md\/index.php?rest_route=%2Fwp%2Fv2%2Fproduct_tag&post=1453"}],"curies":[{"name":"wp","href":"https:\/\/api.w.org\/{rel}","templated":true}]}}