{"id":1176,"date":"2022-01-10T21:41:13","date_gmt":"2022-01-10T21:41:13","guid":{"rendered":"https:\/\/www.rodilux.md\/?post_type=product&#038;p=1176"},"modified":"2022-05-10T08:21:45","modified_gmt":"2022-05-10T08:21:45","slug":"detox-treatment-tratament-detox","status":"publish","type":"product","link":"https:\/\/www.rodilux.md\/?product=detox-treatment-tratament-detox","title":{"rendered":"DETOX TREATMENT\/TRATAMENT DETOX"},"content":{"rendered":"<p>Kit cu dozele necesare pentru efectuarea unei proceduri, care include pa\u0219ii necesari pentru cur\u0103\u021barea calitativ\u0103 a tuturor tipurilor de piele.<\/p>\r\n<p>Primele dou\u0103 faze constau \u00een cur\u0103\u021barea pielii \u0219i extragerea comedoanelor, f\u0103r\u0103 durere. Urm\u0103toarele etape au scopul de a \u00a0regla pH-ul, revigora, calma \u0219i hidrata pielea.<\/p>\r\n<p style=\"text-align: center;\"><strong>KIT-ul include:<\/strong><\/p>\r\n\r\n<div class=\"wp-block-columns is-layout-flex wp-container-core-columns-is-layout-9d6595d7 wp-block-columns-is-layout-flex\">\r\n<div class=\"wp-block-column is-layout-flow wp-block-column-is-layout-flow\">\r\n<p class=\"has-text-align-center\"><strong>OPEN\/MASC\u0102 PENTRU DESCHIDERE A PORILOR<\/strong><\/p>\r\n\r\n\r\n\r\n<p><strong>10 ml<\/strong><\/p>\r\n\r\n\r\n\r\n<p>Crem\u0103 de tip masc\u0103, care \u00eenmoaie perfect pielea \u00eenainte de cur\u0103\u021bare, deschide porii, \u00eei men\u021bine dilata\u021bi \u0219i permite extragerea eficient\u0103 a reziduurilor acumulate. Pentru a \u00eente\u021bi efectul, se poate aplica sub folie alimentar\u0103 sau prosoape calde.<\/p>\r\n\r\n\r\n\r\n<p><strong>Substan\u021be active:<\/strong> Ulei de migdale dulci, acid hialuronic (HY), cetearil izononanoat, eter.<\/p>\r\n<\/div>\r\n\r\n\r\n\r\n<div class=\"wp-block-column is-layout-flow wp-block-column-is-layout-flow\">\r\n<p class=\"has-text-align-center\"><strong>CLAY\/PEELING GOMAJ<\/strong><\/p>\r\n\r\n\r\n\r\n<p><strong>8 ml<\/strong><\/p>\r\n\r\n\r\n\r\n<p>Peeling mecanic pe baz\u0103 de argil\u0103. \u00cendep\u0103rteaz\u0103, \u00eentr-un mod miraculos, celulele superficiale ale stratului cornean. \u201eTope\u0219te\u201d invizibil hipercheratoza &#8211; \u00eengro\u0219area fiziologic\u0103 sau patologic\u0103 a stratului cornos al pielii. Regenereaz\u0103, nu provoac\u0103 irita\u021bii, albe\u0219te, are efect de lifting vizibil.<\/p>\r\n\r\n\r\n\r\n<p><strong>Substan\u021be active:<\/strong><\/p>\r\n\r\n\r\n\r\n<p>Caolin, acid lactic, Na lactic, microcristale de cear\u0103, pulbere de porumb, coada-\u0219oricelului, acid lactic, extract de portocal\u0103 dulce.<\/p>\r\n<\/div>\r\n<\/div>\r\n\r\n\r\n\r\n<div class=\"wp-block-columns is-layout-flex wp-container-core-columns-is-layout-9d6595d7 wp-block-columns-is-layout-flex\">\r\n<div class=\"wp-block-column is-layout-flow wp-block-column-is-layout-flow\">\r\n<p class=\"has-text-align-center\"><strong>REGEN\/SER REGENERATIV<\/strong><\/p>\r\n\r\n\r\n\r\n<p><strong>5 ml<\/strong><\/p>\r\n\r\n\r\n\r\n<p>Ser u\u0219or care contribuie la regenerarea tuturor straturilor epidermei, de jos \u00een sus. Hidrateaz\u0103 intens, reabiliteaz\u0103 pielea dup\u0103 procedurile invazive \u0219i o calmeaz\u0103 rapid. Atenueaz\u0103\u00a0 ridurile, reduce porii dilata\u021bi, previne cicatricile postacneice,\u00a0 lupt\u0103 \u00eempotriva striilor &#8211; leziuni ale pielii cu aspect liniar.<\/p>\r\n\r\n\r\n\r\n<p>Serul e de ne\u00eenlocuit dup\u0103 procedurile injectabile (mezoterapie, terapie de contur). De asemenea, serul este potrivit \u00een terapia cu ultrasunete, cu microcuren\u021bi \u0219i pentru ionoforeza &#8211; procedur\u0103 care trateaz\u0103 transpira\u021bia \u00een exces.<\/p>\r\n\r\n\r\n\r\n<p><strong>Substan\u021be active:<\/strong><\/p>\r\n\r\n\r\n\r\n<p>Glicozaminoglicani, bisabolol, glucoz\u0103, suc de castravete, ap\u0103 \u0219i extract de hamamelis, sov\u00e2rf, mu\u0219e\u021bel, castan, coada-calului, mu\u0219e\u021bel.<\/p>\r\n<\/div>\r\n\r\n\r\n\r\n<div class=\"wp-block-column is-layout-flow wp-block-column-is-layout-flow\">\r\n<p class=\"has-text-align-center\"><strong>CLOSE\/MASC\u0102 ARMONIE<\/strong><\/p>\r\n\r\n\r\n\r\n<p><strong>10 ml<\/strong><\/p>\r\n\r\n\r\n\r\n<p>Masc\u0103 cu efect bactericid \u0219i calmant puternic. Echilibreaz\u0103 pielea \u0219i regleaz\u0103 glandele sebacee. Este indicat\u0103 pentru pielea cu secre\u021bie excesiv\u0103 de sebum, acnee, comedoane \u0219i care sufer\u0103 de dermatit\u0103.<\/p>\r\n\r\n\r\n\r\n<p><strong>Substan\u021be active:<\/strong><\/p>\r\n\r\n\r\n\r\n<p>Caolin\u0103,\u00a0 castan, ieder\u0103, mu\u0219e\u021bel, arnic\u0103, bisabolol, acid lactic, acid salicilic, \u0219ofran.<\/p>\r\n<\/div>\r\n<\/div>\r\n","protected":false},"excerpt":{"rendered":"<a href=\"https:\/\/www.rodilux.md\/?p=198\" data-animation=\"animated fadeIn normal\" class=\"sc_button sc_button_square sc_button_style_default sc_button_size_small  sc_button_iconed icon-star\">PRODUSE DE \u00ceNGRIJIRE PROFESIONAL\u0102 <\/a>\n","protected":false},"featured_media":1177,"template":"","meta":[],"product_cat":[35,33],"product_tag":[128,287,138,286,40,38,39,139],"class_list":{"0":"post-1176","1":"product","2":"type-product","3":"status-publish","4":"has-post-thumbnail","6":"product_cat-balanced","7":"product_cat-face-teraphy","8":"product_tag-balanced","9":"product_tag-decongestionare","10":"product_tag-detox","11":"product_tag-detoxifiere","12":"product_tag-natural","13":"product_tag-organic","14":"product_tag-skincare","15":"product_tag-tratament-detox","16":"product_shipping_class-america","18":"first","19":"outofstock","20":"shipping-taxable","21":"product-type-simple"},"_links":{"self":[{"href":"https:\/\/www.rodilux.md\/index.php?rest_route=\/wp\/v2\/product\/1176","targetHints":{"allow":["GET"]}}],"collection":[{"href":"https:\/\/www.rodilux.md\/index.php?rest_route=\/wp\/v2\/product"}],"about":[{"href":"https:\/\/www.rodilux.md\/index.php?rest_route=\/wp\/v2\/types\/product"}],"wp:featuredmedia":[{"embeddable":true,"href":"https:\/\/www.rodilux.md\/index.php?rest_route=\/wp\/v2\/media\/1177"}],"wp:attachment":[{"href":"https:\/\/www.rodilux.md\/index.php?rest_route=%2Fwp%2Fv2%2Fmedia&parent=1176"}],"wp:term":[{"taxonomy":"product_cat","embeddable":true,"href":"https:\/\/www.rodilux.md\/index.php?rest_route=%2Fwp%2Fv2%2Fproduct_cat&post=1176"},{"taxonomy":"product_tag","embeddable":true,"href":"https:\/\/www.rodilux.md\/index.php?rest_route=%2Fwp%2Fv2%2Fproduct_tag&post=1176"}],"curies":[{"name":"wp","href":"https:\/\/api.w.org\/{rel}","templated":true}]}}