{"id":1173,"date":"2022-01-10T21:18:45","date_gmt":"2022-01-10T21:18:45","guid":{"rendered":"https:\/\/www.rodilux.md\/?post_type=product&#038;p=1173"},"modified":"2022-01-10T21:51:21","modified_gmt":"2022-01-10T21:51:21","slug":"oily-skin-corrector-treatment-ingrijire-pentru-tenul-gras","status":"publish","type":"product","link":"https:\/\/www.rodilux.md\/?product=oily-skin-corrector-treatment-ingrijire-pentru-tenul-gras","title":{"rendered":"OILY SKIN CORRECTOR TREATMENT\/\u00ceNGRIJIRE PENTRU TENUL GRAS"},"content":{"rendered":"<p>Kit pentru o singur\u0103 procedur\u0103, ce include to\u021bi pa\u0219ii necesari pentru cur\u0103\u021barea pielii cu acnee \u0219i pori dilata\u021bi. Primii doi pa\u0219i constau \u00een echilibrarea pH-ului pielii \u0219i facilitarea extragerii comedoanelor, f\u0103r\u0103 durere. Urm\u0103toarele faze presupun tratarea, dezinfectarea \u0219i protejarea pielii. Dup\u0103 procedur\u0103, se aplic\u0103 produse din gama de \u00eengrijire acas\u0103, de la FR~HAUT.<\/p>\r\n<p style=\"text-align: center;\"><strong>KIT-ul include:<\/strong><\/p>\r\n\r\n<div class=\"wp-block-columns is-layout-flex wp-container-core-columns-is-layout-9d6595d7 wp-block-columns-is-layout-flex\">\r\n<div class=\"wp-block-column is-layout-flow wp-block-column-is-layout-flow\">\r\n<p class=\"has-text-align-center\"><strong>PEEL\/RADIANCE PEEL<\/strong><\/p>\r\n\r\n\r\n\r\n<p><strong>6 ml<\/strong><\/p>\r\n\r\n\r\n\r\n<p>Peeling bogat \u00een acizi \u0219i enzime, care contribuie la cur\u0103\u021barea \u0219i detoxifierea \u00een profunzime a pielii. Neutralizeaz\u0103 ac\u021biunea bacteriilor.<\/p>\r\n\r\n\r\n\r\n<p><strong>Substan\u021be active:<\/strong><\/p>\r\n\r\n\r\n\r\n<p>Enzime de drojdie, unt de shea, squalene, vitamina E, vitamina C, sare de l\u0103m\u00e2ie, glicerin\u0103 vegetal\u0103.<\/p>\r\n<\/div>\r\n\r\n\r\n\r\n<div class=\"wp-block-column is-layout-flow wp-block-column-is-layout-flow\">\r\n<p class=\"has-text-align-center\"><strong>OPEN\/MASC\u0102 PENTRU DESCHIDERE A PORILOR<\/strong><\/p>\r\n\r\n\r\n\r\n<p><strong>10 ml<\/strong><\/p>\r\n\r\n\r\n\r\n<p>Crem\u0103 de tip masc\u0103, care \u00eenmoaie perfect pielea \u00eenainte de cur\u0103\u021bare, deschide porii, \u00eei men\u021bine dilata\u021bi \u0219i permite extragerea eficient\u0103 a reziduurilor acumulate. Pentru a \u00eente\u021bi efectul, se poate aplica sub folie alimentar\u0103 sau prosoape calde.<\/p>\r\n\r\n\r\n\r\n<p><strong>Substan\u021be active:<\/strong><\/p>\r\n\r\n\r\n\r\n<p>Ulei de migdale dulci, acid hialuronic (HY), cetearil izononanoat, eter.<\/p>\r\n<\/div>\r\n<\/div>\r\n\r\n\r\n\r\n<div class=\"wp-block-columns is-layout-flex wp-container-core-columns-is-layout-9d6595d7 wp-block-columns-is-layout-flex\">\r\n<div class=\"wp-block-column is-layout-flow wp-block-column-is-layout-flow\">\r\n<p class=\"has-text-align-center\"><strong>ACTIVATE\/GEL ACTIV<\/strong><\/p>\r\n\r\n\r\n\r\n<p><strong>6 ml<\/strong><\/p>\r\n\r\n\r\n\r\n<p>Gel cu un con\u021binut mare de substan\u021be active, care regleaz\u0103 \u0219i echilibreaz\u0103 func\u021biile tenului gras \u0219i combinat. Este un antioxidant puternic, care ajut\u0103 la calmarea pielii \u0219i la stoparea infec\u021biilor \u0219i inflama\u021biilor.<\/p>\r\n\r\n\r\n\r\n<p><strong>Substan\u021be active:<\/strong><\/p>\r\n\r\n\r\n\r\n<p>Acid lactic, salicilic, hamamelis, extract de g\u0103lbenele, ulei de salvie, mu\u0219e\u021bel, valerian\u0103, coada-\u0219oarecelui, ieder\u0103, conuri de hamei, roini\u021b\u0103, fenicul, sov\u00e2rf.<\/p>\r\n<\/div>\r\n\r\n\r\n\r\n<div class=\"wp-block-column is-layout-flow wp-block-column-is-layout-flow\">\r\n<p class=\"has-text-align-center\"><strong>CLOSE\/MASC\u0102 ARMONIE<\/strong><\/p>\r\n\r\n\r\n\r\n<p><strong>10 ml<\/strong><\/p>\r\n\r\n\r\n\r\n<p>Masc\u0103 cu efect bactericid \u0219i calmant puternic. Echilibreaz\u0103 pielea \u0219i regleaz\u0103 glandele sebacee. Este indicat\u0103 pentru pielea cu secre\u021bie excesiv\u0103 de sebum, acnee, comedoane \u0219i care sufer\u0103 de dermatit\u0103.<\/p>\r\n\r\n\r\n\r\n<p><strong>Substan\u021be active:<\/strong><\/p>\r\n\r\n\r\n\r\n<p>Caolin\u0103,\u00a0 castan, ieder\u0103, mu\u0219e\u021bel, arnic\u0103, bisabolol, acid lactic, acid salicilic, \u0219ofran.<\/p>\r\n<\/div>\r\n<\/div>\r\n","protected":false},"excerpt":{"rendered":"<a href=\"https:\/\/www.rodilux.md\/?p=198\" data-animation=\"animated fadeIn normal\" class=\"sc_button sc_button_square sc_button_style_default sc_button_size_small  sc_button_iconed icon-star\">PRODUSE DE \u00ceNGRIJIRE PROFESIONAL\u0102 <\/a>\n","protected":false},"featured_media":1174,"template":"","meta":[],"product_cat":[35,33],"product_tag":[128,136,40,135,38,39,137],"class_list":{"0":"post-1173","1":"product","2":"type-product","3":"status-publish","4":"has-post-thumbnail","6":"product_cat-balanced","7":"product_cat-face-teraphy","8":"product_tag-balanced","9":"product_tag-corrector","10":"product_tag-natural","11":"product_tag-oily-skin","12":"product_tag-organic","13":"product_tag-skincare","14":"product_tag-tenul-gras","15":"product_shipping_class-america","17":"first","18":"outofstock","19":"shipping-taxable","20":"product-type-simple"},"_links":{"self":[{"href":"https:\/\/www.rodilux.md\/index.php?rest_route=\/wp\/v2\/product\/1173","targetHints":{"allow":["GET"]}}],"collection":[{"href":"https:\/\/www.rodilux.md\/index.php?rest_route=\/wp\/v2\/product"}],"about":[{"href":"https:\/\/www.rodilux.md\/index.php?rest_route=\/wp\/v2\/types\/product"}],"wp:featuredmedia":[{"embeddable":true,"href":"https:\/\/www.rodilux.md\/index.php?rest_route=\/wp\/v2\/media\/1174"}],"wp:attachment":[{"href":"https:\/\/www.rodilux.md\/index.php?rest_route=%2Fwp%2Fv2%2Fmedia&parent=1173"}],"wp:term":[{"taxonomy":"product_cat","embeddable":true,"href":"https:\/\/www.rodilux.md\/index.php?rest_route=%2Fwp%2Fv2%2Fproduct_cat&post=1173"},{"taxonomy":"product_tag","embeddable":true,"href":"https:\/\/www.rodilux.md\/index.php?rest_route=%2Fwp%2Fv2%2Fproduct_tag&post=1173"}],"curies":[{"name":"wp","href":"https:\/\/api.w.org\/{rel}","templated":true}]}}