{"id":1171,"date":"2022-01-10T21:14:25","date_gmt":"2022-01-10T21:14:25","guid":{"rendered":"https:\/\/www.rodilux.md\/?post_type=product&#038;p=1171"},"modified":"2022-01-10T21:17:30","modified_gmt":"2022-01-10T21:17:30","slug":"soothing-mask-masca-calmanta","status":"publish","type":"product","link":"https:\/\/www.rodilux.md\/?product=soothing-mask-masca-calmanta","title":{"rendered":"SOOTHING MASK\/MASC\u0102 CALMANT\u0102"},"content":{"rendered":"<p><strong>250 ml<\/strong><\/p>\n<p>Masc\u0103 ce con\u021bine o concentra\u021bie \u00eenalt\u0103 de azulen\u0103. Calmeaz\u0103 inflama\u021biile, datorit\u0103 extractului de castravete, precum \u0219i irita\u021biile, \u00eentruc\u00e2t con\u021bine arnic\u0103. Ajut\u0103 la tratamentul cu infiltra\u021bii, cuperozei, echilibreaz\u0103 pH-ul pielii, hidrateaz\u0103. Se \u00eembin\u0103 perfect cu alte m\u0103\u0219ti din gama BALANCE FACE.<\/p>\n<p><strong>Substan\u021be active:<\/strong><\/p>\n<p>Caolin\u0103,\u00a0 azulen\u0103,\u00a0 suc de castravete,\u00a0 ieder\u0103, mu\u0219e\u021bel, bisabolol, arnic\u0103.<\/p>\n","protected":false},"excerpt":{"rendered":"<a href=\"https:\/\/www.rodilux.md\/?p=198\" data-animation=\"animated fadeIn normal\" class=\"sc_button sc_button_square sc_button_style_default sc_button_size_small  sc_button_iconed icon-star\">PRODUSE DE \u00ceNGRIJIRE PROFESIONAL\u0102 <\/a>\n","protected":false},"featured_media":1172,"template":"","meta":[],"product_cat":[35,33],"product_tag":[133,128,130,40,39,134],"class_list":{"0":"post-1171","1":"product","2":"type-product","3":"status-publish","4":"has-post-thumbnail","6":"product_cat-balanced","7":"product_cat-face-teraphy","8":"product_tag-armonie","9":"product_tag-balanced","10":"product_tag-masca","11":"product_tag-natural","12":"product_tag-skincare","13":"product_tag-soothing-mask","14":"product_shipping_class-america","16":"first","17":"outofstock","18":"shipping-taxable","19":"product-type-simple"},"_links":{"self":[{"href":"https:\/\/www.rodilux.md\/index.php?rest_route=\/wp\/v2\/product\/1171","targetHints":{"allow":["GET"]}}],"collection":[{"href":"https:\/\/www.rodilux.md\/index.php?rest_route=\/wp\/v2\/product"}],"about":[{"href":"https:\/\/www.rodilux.md\/index.php?rest_route=\/wp\/v2\/types\/product"}],"wp:featuredmedia":[{"embeddable":true,"href":"https:\/\/www.rodilux.md\/index.php?rest_route=\/wp\/v2\/media\/1172"}],"wp:attachment":[{"href":"https:\/\/www.rodilux.md\/index.php?rest_route=%2Fwp%2Fv2%2Fmedia&parent=1171"}],"wp:term":[{"taxonomy":"product_cat","embeddable":true,"href":"https:\/\/www.rodilux.md\/index.php?rest_route=%2Fwp%2Fv2%2Fproduct_cat&post=1171"},{"taxonomy":"product_tag","embeddable":true,"href":"https:\/\/www.rodilux.md\/index.php?rest_route=%2Fwp%2Fv2%2Fproduct_tag&post=1171"}],"curies":[{"name":"wp","href":"https:\/\/api.w.org\/{rel}","templated":true}]}}