{"id":1169,"date":"2022-01-10T21:03:56","date_gmt":"2022-01-10T21:03:56","guid":{"rendered":"https:\/\/www.rodilux.md\/?post_type=product&#038;p=1169"},"modified":"2022-05-10T08:20:28","modified_gmt":"2022-05-10T08:20:28","slug":"harmony-mask-masca-armonie","status":"publish","type":"product","link":"https:\/\/www.rodilux.md\/?product=harmony-mask-masca-armonie","title":{"rendered":"HARMONY MASK\/MASC\u0102 ARMONIE"},"content":{"rendered":"<p><strong>250 ml<\/strong><\/p>\n<p>Masc\u0103 cu efect bactericid \u0219i calmant puternic. Echilibreaz\u0103 pielea \u0219i regleaz\u0103 glandele sebacee. Este indicat\u0103 pentru pielea cu secre\u021bie excesiv\u0103 de sebum, acnee, comedoane \u0219i care sufer\u0103 de dermatit\u0103. Previne \u00eemb\u0103tr\u00e2nirea precoce. Se aplic\u0103 dup\u0103 procedurile de cur\u0103\u021bare \u0219i peeling. \u00a0Poate fi combinat\u0103 cu alte tipuri de m\u0103\u0219ti din gama BALANCE FACE.<\/p>\n<p><strong>Substan\u021be active:<\/strong><\/p>\n<p>Caolin\u0103,\u00a0 castan, ieder\u0103, mu\u0219e\u021bel, arnic\u0103, bisabolol, acid lactic, acid salicilic, \u0219ofran.<\/p>\n","protected":false},"excerpt":{"rendered":"<a href=\"https:\/\/www.rodilux.md\/?p=198\" data-animation=\"animated fadeIn normal\" class=\"sc_button sc_button_square sc_button_style_default sc_button_size_small  sc_button_iconed icon-star\">PRODUSE DE \u00ceNGRIJIRE PROFESIONAL\u0102 <\/a>\n","protected":false},"featured_media":1170,"template":"","meta":[],"product_cat":[35,33],"product_tag":[133,128,287,138,286,132,130,40,39],"class_list":{"0":"post-1169","1":"product","2":"type-product","3":"status-publish","4":"has-post-thumbnail","6":"product_cat-balanced","7":"product_cat-face-teraphy","8":"product_tag-armonie","9":"product_tag-balanced","10":"product_tag-decongestionare","11":"product_tag-detox","12":"product_tag-detoxifiere","13":"product_tag-harmony-mask","14":"product_tag-masca","15":"product_tag-natural","16":"product_tag-skincare","17":"product_shipping_class-america","19":"first","20":"outofstock","21":"shipping-taxable","22":"product-type-simple"},"_links":{"self":[{"href":"https:\/\/www.rodilux.md\/index.php?rest_route=\/wp\/v2\/product\/1169","targetHints":{"allow":["GET"]}}],"collection":[{"href":"https:\/\/www.rodilux.md\/index.php?rest_route=\/wp\/v2\/product"}],"about":[{"href":"https:\/\/www.rodilux.md\/index.php?rest_route=\/wp\/v2\/types\/product"}],"wp:featuredmedia":[{"embeddable":true,"href":"https:\/\/www.rodilux.md\/index.php?rest_route=\/wp\/v2\/media\/1170"}],"wp:attachment":[{"href":"https:\/\/www.rodilux.md\/index.php?rest_route=%2Fwp%2Fv2%2Fmedia&parent=1169"}],"wp:term":[{"taxonomy":"product_cat","embeddable":true,"href":"https:\/\/www.rodilux.md\/index.php?rest_route=%2Fwp%2Fv2%2Fproduct_cat&post=1169"},{"taxonomy":"product_tag","embeddable":true,"href":"https:\/\/www.rodilux.md\/index.php?rest_route=%2Fwp%2Fv2%2Fproduct_tag&post=1169"}],"curies":[{"name":"wp","href":"https:\/\/api.w.org\/{rel}","templated":true}]}}