{"id":1167,"date":"2022-01-10T20:59:55","date_gmt":"2022-01-10T20:59:55","guid":{"rendered":"https:\/\/www.rodilux.md\/?post_type=product&#038;p=1167"},"modified":"2022-05-10T08:22:02","modified_gmt":"2022-05-10T08:22:02","slug":"exfoliating-mask-masca-exfolianta","status":"publish","type":"product","link":"https:\/\/www.rodilux.md\/?product=exfoliating-mask-masca-exfolianta","title":{"rendered":"EXFOLIATING MASK\/MASC\u0102 EXFOLIANT\u0102"},"content":{"rendered":"<p>250 ml<\/p>\n<p>Masc\u0103 indicat\u0103 pentru tratamentul acneei, dermatitelor, rozaceei \u0219i pielii sensibile. Elimin\u0103 toxinele \u0219i impurit\u0103\u021bile, calmeaz\u0103, detoxific\u0103, constr\u00e2nge vasele de s\u00e2nge \u0219i are efect anti-edem. Poate fi combinat\u0103 cu alte tipuri de m\u0103\u0219ti din gama BALANCE FACE.<\/p>\n<p><strong>Substan\u021be active:<\/strong><\/p>\n<p>Caolin\u0103, ap\u0103, extras de hamamelis, coada-\u0219oarecelui, sov\u00e2rf, camfor, glucoz\u0103, extract de castan, acid salicilic.<\/p>\n","protected":false},"excerpt":{"rendered":"<a href=\"https:\/\/www.rodilux.md\/?p=198\" data-animation=\"animated fadeIn normal\" class=\"sc_button sc_button_square sc_button_style_default sc_button_size_small  sc_button_iconed icon-star\">PRODUSE DE \u00ceNGRIJIRE PROFESIONAL\u0102 <\/a>\n","protected":false},"featured_media":1168,"template":"","meta":[],"product_cat":[35,33],"product_tag":[128,287,138,286,131,130,40,129,39],"class_list":{"0":"post-1167","1":"product","2":"type-product","3":"status-publish","4":"has-post-thumbnail","6":"product_cat-balanced","7":"product_cat-face-teraphy","8":"product_tag-balanced","9":"product_tag-decongestionare","10":"product_tag-detox","11":"product_tag-detoxifiere","12":"product_tag-exfoliating-mask","13":"product_tag-masca","14":"product_tag-natural","15":"product_tag-opening-cream","16":"product_tag-skincare","17":"product_shipping_class-america","19":"first","20":"outofstock","21":"shipping-taxable","22":"product-type-simple"},"_links":{"self":[{"href":"https:\/\/www.rodilux.md\/index.php?rest_route=\/wp\/v2\/product\/1167","targetHints":{"allow":["GET"]}}],"collection":[{"href":"https:\/\/www.rodilux.md\/index.php?rest_route=\/wp\/v2\/product"}],"about":[{"href":"https:\/\/www.rodilux.md\/index.php?rest_route=\/wp\/v2\/types\/product"}],"wp:featuredmedia":[{"embeddable":true,"href":"https:\/\/www.rodilux.md\/index.php?rest_route=\/wp\/v2\/media\/1168"}],"wp:attachment":[{"href":"https:\/\/www.rodilux.md\/index.php?rest_route=%2Fwp%2Fv2%2Fmedia&parent=1167"}],"wp:term":[{"taxonomy":"product_cat","embeddable":true,"href":"https:\/\/www.rodilux.md\/index.php?rest_route=%2Fwp%2Fv2%2Fproduct_cat&post=1167"},{"taxonomy":"product_tag","embeddable":true,"href":"https:\/\/www.rodilux.md\/index.php?rest_route=%2Fwp%2Fv2%2Fproduct_tag&post=1167"}],"curies":[{"name":"wp","href":"https:\/\/api.w.org\/{rel}","templated":true}]}}