{"id":1165,"date":"2022-01-10T20:56:43","date_gmt":"2022-01-10T20:56:43","guid":{"rendered":"https:\/\/www.rodilux.md\/?post_type=product&#038;p=1165"},"modified":"2022-05-10T08:20:10","modified_gmt":"2022-05-10T08:20:10","slug":"opening-cream-masca-pentru-deschiderea-porilor","status":"publish","type":"product","link":"https:\/\/www.rodilux.md\/?product=opening-cream-masca-pentru-deschiderea-porilor","title":{"rendered":"OPENING CREAM\/MASC\u0102 PENTRU DESCHIDEREA PORILOR"},"content":{"rendered":"<p><strong>250 ml<\/strong><\/p>\n<p>Este o crem\u0103 de tip masc\u0103, care \u00eenmoaie perfect pielea \u00eenainte de cur\u0103\u021bare, deschide porii, \u00eei men\u021bine dilata\u021bi \u0219i permite extragerea eficient\u0103 a reziduurilor acumulate. Pentru a \u00eente\u021bi efectul, se poate aplica sub folie alimentar\u0103 sau prosoape calde. Suplimentar, se poate apela la vapozon, care elibereaz\u0103 abur peste folie, cu scopul de a \u00eenmuia \u0219i cur\u0103\u021ba epiderma.<\/p>\n<p><strong>Substan\u021be active:<\/strong><\/p>\n<p>Ulei de migdale dulci, acid hialuronic (HY), cetearil izononanoat, eter.<\/p>\n","protected":false},"excerpt":{"rendered":"<a href=\"https:\/\/www.rodilux.md\/?p=198\" data-animation=\"animated fadeIn normal\" class=\"sc_button sc_button_square sc_button_style_default sc_button_size_small  sc_button_iconed icon-star\">PRODUSE DE \u00ceNGRIJIRE PROFESIONAL\u0102 <\/a>\n","protected":false},"featured_media":1166,"template":"","meta":[],"product_cat":[35,33],"product_tag":[128,287,138,286,130,40,129,38,39],"class_list":{"0":"post-1165","1":"product","2":"type-product","3":"status-publish","4":"has-post-thumbnail","6":"product_cat-balanced","7":"product_cat-face-teraphy","8":"product_tag-balanced","9":"product_tag-decongestionare","10":"product_tag-detox","11":"product_tag-detoxifiere","12":"product_tag-masca","13":"product_tag-natural","14":"product_tag-opening-cream","15":"product_tag-organic","16":"product_tag-skincare","17":"product_shipping_class-america","19":"first","20":"outofstock","21":"shipping-taxable","22":"product-type-simple"},"_links":{"self":[{"href":"https:\/\/www.rodilux.md\/index.php?rest_route=\/wp\/v2\/product\/1165","targetHints":{"allow":["GET"]}}],"collection":[{"href":"https:\/\/www.rodilux.md\/index.php?rest_route=\/wp\/v2\/product"}],"about":[{"href":"https:\/\/www.rodilux.md\/index.php?rest_route=\/wp\/v2\/types\/product"}],"wp:featuredmedia":[{"embeddable":true,"href":"https:\/\/www.rodilux.md\/index.php?rest_route=\/wp\/v2\/media\/1166"}],"wp:attachment":[{"href":"https:\/\/www.rodilux.md\/index.php?rest_route=%2Fwp%2Fv2%2Fmedia&parent=1165"}],"wp:term":[{"taxonomy":"product_cat","embeddable":true,"href":"https:\/\/www.rodilux.md\/index.php?rest_route=%2Fwp%2Fv2%2Fproduct_cat&post=1165"},{"taxonomy":"product_tag","embeddable":true,"href":"https:\/\/www.rodilux.md\/index.php?rest_route=%2Fwp%2Fv2%2Fproduct_tag&post=1165"}],"curies":[{"name":"wp","href":"https:\/\/api.w.org\/{rel}","templated":true}]}}